{"id":37,"date":"2023-08-10T13:15:47","date_gmt":"2023-08-10T13:15:47","guid":{"rendered":"https:\/\/ambitiousventures.eu\/home-2\/"},"modified":"2025-10-08T15:24:04","modified_gmt":"2025-10-08T15:24:04","slug":"home-2","status":"publish","type":"page","link":"https:\/\/ambitiousventures.eu\/fr\/","title":{"rendered":"Accueil"},"content":{"rendered":"<div class=\"wp-block-uagb-container uagb-block-dba5be5a alignfull uagb-is-root-container\"><div class=\"uagb-container-inner-blocks-wrap\">\n<div class=\"wp-block-uagb-advanced-heading uagb-block-11de6c30\"><h6 class=\"uagb-heading-text\">Favoriser la croissance, construire le succ\u00e8s<\/h6><\/div>\n\n\n\n<div class=\"wp-block-uagb-info-box uagb-block-7350c7ea uagb-infobox__content-wrap  uagb-infobox-icon-above-title uagb-infobox-image-valign-top\"><div class=\"uagb-ifb-content\"><div class=\"uagb-ifb-title-wrap\"><h1 class=\"uagb-ifb-title\">Imaginer un monde aux possibilit\u00e9s infinies, favoriser l\u2019innovation et les entreprises durables pour un avenir meilleur.<\/h1><\/div><div class=\"uagb-ifb-button-wrapper wp-block-button\"><a href=\"\/fr\/contact\/\" class=\"uagb-infobox-cta-link wp-block-button__link\" target=\"_self\" rel=\"noopener noreferrer\" onclick=\"return true;\" alt=\"\"><span class=\"uagb-inline-editing\">Explorez Maintenant<\/span><\/a><\/div><\/div><\/div>\n\n\n\n<div class=\"wp-block-uagb-container uag-blocks-common-selector uagb-block-80a17fd9\">\n<div class=\"wp-block-uagb-image aligncenter uagb-block-d66805a2 wp-block-uagb-image--layout-default wp-block-uagb-image--effect-static wp-block-uagb-image--align-center\"><figure class=\"wp-block-uagb-image__figure\"><img decoding=\"async\" sizes=\"auto, (max-width: 480px) 150px\" src=\"https:\/\/ambitiousventures.eu\/wp-content\/uploads\/2024\/02\/pexels-photo-8297854-scaled-1.jpeg\" alt=\"Interior Design of an Office Workstation\" class=\"uag-image-1208\" width=\"1200\" height=\"540\" title=\"\" loading=\"lazy\"\/><\/figure><\/div>\n<\/div>\n<\/div><\/div>\n\n\n\n<div class=\"wp-block-uagb-container uagb-block-0f99c3d5 alignfull uagb-is-root-container\"><div class=\"uagb-container-inner-blocks-wrap\">\n<div class=\"wp-block-uagb-advanced-heading uagb-block-d80d1198\"><h6 class=\"uagb-heading-text\">Nos offres uniques<\/h6><\/div>\n\n\n\n<div class=\"wp-block-uagb-advanced-heading uagb-block-6bcebb04\"><h2 class=\"uagb-heading-text\">Pourquoi nous choisir?<\/h2><\/div>\n\n\n\n<div class=\"wp-block-uagb-container uagb-block-493f6ce1\">\n<div class=\"wp-block-uagb-container uagb-block-c0da353d\">\n<div class=\"wp-block-uagb-advanced-heading uagb-block-94acea8d\"><h6 class=\"uagb-heading-text\">01.<\/h6><\/div>\n\n\n\n<div class=\"wp-block-uagb-advanced-heading uagb-block-cdc0f1b9\"><h4 class=\"uagb-heading-text\">Des solutions sur mesure<\/h4><p class=\"uagb-desc-text\">Nous comprenons que chaque entreprise est unique et nous adaptons nos solutions \u00e0 vos besoins sp\u00e9cifiques.<\/p><\/div>\n<\/div>\n\n\n\n<div class=\"wp-block-uagb-container uagb-block-a44f5268\">\n<div class=\"wp-block-uagb-advanced-heading uagb-block-3acd47ef\"><h6 class=\"uagb-heading-text\">02.<\/h6><\/div>\n\n\n\n<div class=\"wp-block-uagb-advanced-heading uagb-block-fd65736d\"><h4 class=\"uagb-heading-text\">Approche innovative<\/h4><p class=\"uagb-desc-text\">Nous nous tenons au courant des derni\u00e8res tendances et technologies du secteur pour proposer des solutions innovantes qui donnent des r\u00e9sultats.<\/p><\/div>\n<\/div>\n\n\n\n<div class=\"wp-block-uagb-container uagb-block-b3c03ce4\">\n<div class=\"wp-block-uagb-advanced-heading uagb-block-c5d4336e\"><h6 class=\"uagb-heading-text\">03.<\/h6><\/div>\n\n\n\n<div class=\"wp-block-uagb-advanced-heading uagb-block-3d3e70a3\"><h4 class=\"uagb-heading-text\">Service exceptionnel<\/h4><p class=\"uagb-desc-text\">Nous nous engageons \u00e0 offrir l\u2019excellence dans tout ce que nous faisons et notre \u00e9quipe d\u00e9vou\u00e9e est toujours pr\u00eate \u00e0 vous soutenir.<\/p><\/div>\n<\/div>\n<\/div>\n<\/div><\/div>\n\n\n\n<div class=\"wp-block-uagb-container uagb-block-93f6d895 alignfull uagb-is-root-container\"><div class=\"uagb-container-inner-blocks-wrap\">\n<div class=\"wp-block-uagb-container uagb-block-928817e5\">\n<div class=\"wp-block-uagb-image uagb-block-f1d49793 wp-block-uagb-image--layout-default wp-block-uagb-image--effect-static wp-block-uagb-image--align-none\"><figure class=\"wp-block-uagb-image__figure\"><img decoding=\"async\" sizes=\"auto, (max-width: 480px) 150px\" src=\"https:\/\/ambitiousventures.eu\/wp-content\/uploads\/2024\/02\/pexels-photo-8297854-scaled-1.jpeg\" alt=\"\" class=\"uag-image-1208\" width=\"600\" height=\"450\" title=\"\" loading=\"lazy\"\/><\/figure><\/div>\n<\/div>\n\n\n\n<div class=\"wp-block-uagb-container uagb-block-7ba29713\">\n<div class=\"wp-block-uagb-advanced-heading uagb-block-afeba279\"><h6 class=\"uagb-heading-text\">Notre histoire<\/h6><\/div>\n\n\n\n<div class=\"wp-block-uagb-info-box uagb-block-a0419645 uagb-infobox__content-wrap  uagb-infobox-icon-above-title uagb-infobox-image-valign-top\"><div class=\"uagb-ifb-content\"><div class=\"uagb-ifb-title-wrap\"><h2 class=\"uagb-ifb-title\">\u00c0 propos d\u2019Ambitiious Ventures<\/h2><\/div><p class=\"uagb-ifb-desc\">Cr\u00e9\u00e9 pour r\u00e9volutionner la gestion h\u00f4teli\u00e8re, la vente au d\u00e9tail, les services d'ing\u00e9nierie et la gestion des installations, Ambitious Ventures se consacre \u00e0 \u00e9lever les normes de l'industrie et l'exp\u00e9rience client.<\/p><div class=\"uagb-ifb-button-wrapper wp-block-button\"><a href=\"\/fr\/about-us\/\" class=\"uagb-infobox-cta-link wp-block-button__link\" target=\"_self\" rel=\"noopener noreferrer\" onclick=\"return true;\" alt=\"\"><span class=\"uagb-inline-editing\">En savoir plus<\/span><\/a><\/div><\/div><\/div>\n<\/div>\n<\/div><\/div>\n\n\n\n<div class=\"wp-block-uagb-container uagb-block-kya80dwd alignfull uagb-is-root-container\"><div class=\"uagb-container-inner-blocks-wrap\">\n<div class=\"wp-block-uagb-info-box uagb-block-t2kqt9yt uagb-infobox__content-wrap  uagb-infobox-icon-above-title uagb-infobox-image-valign-top\"><div class=\"uagb-ifb-content\"><div class=\"uagb-ifb-title-wrap\"><h2 class=\"uagb-ifb-title\">Des solutions innovantes pour la croissance<\/h2><\/div><p class=\"uagb-ifb-desc\">D\u00e9couvrez notre s\u00e9lection compl\u00e8te de services qui r\u00e9pondent \u00e0 une vari\u00e9t\u00e9 de besoins, garantissant ainsi l\u2019enti\u00e8re satisfaction du client.<\/p><\/div><\/div>\n\n\n\n<div class=\"wp-block-uagb-container uagb-block-meflvokj\">\n<div class=\"wp-block-uagb-container uagb-block-fia9cv38\">\n<div class=\"wp-block-uagb-container uagb-block-krqxfw0r\">\n<figure class=\"wp-block-image size-full\"><img loading=\"lazy\" decoding=\"async\" width=\"2560\" height=\"1707\" src=\"https:\/\/ambitiousventures.eu\/wp-content\/uploads\/2024\/02\/pexels-photo-735869-scaled-1.jpeg\" alt=\"Close-up Photo of Formal Table Setting\" class=\"wp-image-1209\"\/><\/figure>\n\n\n\n<div class=\"wp-block-uagb-info-box uagb-block-qlv0sdjo uagb-infobox__content-wrap  uagb-infobox-icon-above-title uagb-infobox-image-valign-top\"><div class=\"uagb-ifb-content\"><div class=\"uagb-ifb-title-wrap\"><h5 class=\"uagb-ifb-title\">Gestion de l'hospitalit\u00e9<\/h5><\/div><\/div><\/div>\n\n\n\n<div class=\"wp-block-uagb-buttons uagb-buttons__outer-wrap uagb-btn__default-btn uagb-btn-tablet__default-btn uagb-btn-mobile__default-btn uagb-block-zas1aff9\"><div class=\"uagb-buttons__wrap uagb-buttons-layout-wrap\"><\/div><\/div>\n<\/div>\n\n\n\n<div class=\"wp-block-uagb-container uagb-block-qdu982un\">\n<div class=\"wp-block-uagb-image alignleft uagb-block-jjrpui9l wp-block-uagb-image--layout-default wp-block-uagb-image--effect-static wp-block-uagb-image--align-left\"><figure class=\"wp-block-uagb-image__figure\"><img decoding=\"async\" srcset=\"https:\/\/ambitiousventures.eu\/wp-content\/uploads\/2024\/02\/pexels-photo-7262976-scaled-1.jpeg ,https:\/\/ambitiousventures.eu\/wp-content\/uploads\/2024\/02\/pexels-photo-7262976-scaled-1.jpeg 780w, https:\/\/ambitiousventures.eu\/wp-content\/uploads\/2024\/02\/pexels-photo-7262976-scaled-1.jpeg 360w\" sizes=\"auto, (max-width: 480px) 150px\" src=\"https:\/\/ambitiousventures.eu\/wp-content\/uploads\/2024\/02\/pexels-photo-7262976-scaled-1.jpeg\" alt=\"Collection of different plastic bottles with multicolored soap placed on shelves in zero waste shop\" class=\"uag-image-1207\" width=\"600\" height=\"383\" title=\"\" loading=\"lazy\"\/><\/figure><\/div>\n\n\n\n<div class=\"wp-block-uagb-info-box uagb-block-tdwre72m uagb-infobox__content-wrap  uagb-infobox-icon-above-title uagb-infobox-image-valign-top\"><div class=\"uagb-ifb-content\"><div class=\"uagb-ifb-title-wrap\"><h5 class=\"uagb-ifb-title\">Les magasins de d\u00e9tail<\/h5><\/div><\/div><\/div>\n\n\n\n<div class=\"wp-block-uagb-buttons uagb-buttons__outer-wrap uagb-btn__default-btn uagb-btn-tablet__default-btn uagb-btn-mobile__default-btn uagb-block-kkf9x429\"><div class=\"uagb-buttons__wrap uagb-buttons-layout-wrap\"><\/div><\/div>\n<\/div>\n<\/div>\n\n\n\n<div class=\"wp-block-uagb-container uagb-block-mfljlcvh\">\n<div class=\"wp-block-uagb-container uagb-block-mc9zgbfx\">\n<div class=\"wp-block-uagb-image alignleft uagb-block-qx6wwv6v wp-block-uagb-image--layout-default wp-block-uagb-image--effect-static wp-block-uagb-image--align-left\"><figure class=\"wp-block-uagb-image__figure\"><img decoding=\"async\" srcset=\"https:\/\/ambitiousventures.eu\/wp-content\/uploads\/2024\/02\/pexels-photo-190574-scaled-1.jpeg ,https:\/\/ambitiousventures.eu\/wp-content\/uploads\/2024\/02\/pexels-photo-190574-scaled-1.jpeg 780w, https:\/\/ambitiousventures.eu\/wp-content\/uploads\/2024\/02\/pexels-photo-190574-scaled-1.jpeg 360w\" sizes=\"auto, (max-width: 480px) 150px\" src=\"https:\/\/ambitiousventures.eu\/wp-content\/uploads\/2024\/02\/pexels-photo-190574-scaled-1.jpeg\" alt=\"Greyscale Photography of Car Engine\" class=\"uag-image-1206\" width=\"600\" height=\"395\" title=\"\" loading=\"lazy\"\/><\/figure><\/div>\n\n\n\n<div class=\"wp-block-uagb-info-box uagb-block-eq0txyuj uagb-infobox__content-wrap  uagb-infobox-icon-above-title uagb-infobox-image-valign-top\"><div class=\"uagb-ifb-content\"><div class=\"uagb-ifb-title-wrap\"><h5 class=\"uagb-ifb-title\">Services d'ing\u00e9nierie<\/h5><\/div><\/div><\/div>\n<\/div>\n\n\n\n<div class=\"wp-block-uagb-container uagb-block-ocxdfpit\">\n<div class=\"wp-block-uagb-image alignleft uagb-block-fs4ynstd wp-block-uagb-image--layout-default wp-block-uagb-image--effect-static wp-block-uagb-image--align-left\"><figure class=\"wp-block-uagb-image__figure\"><img decoding=\"async\" srcset=\"https:\/\/ambitiousventures.eu\/wp-content\/uploads\/2024\/02\/FM-Services-1024x758.jpg ,https:\/\/ambitiousventures.eu\/wp-content\/uploads\/2024\/02\/FM-Services-scaled.jpg 780w, https:\/\/ambitiousventures.eu\/wp-content\/uploads\/2024\/02\/FM-Services-scaled.jpg 360w\" sizes=\"auto, (max-width: 480px) 150px\" src=\"https:\/\/ambitiousventures.eu\/wp-content\/uploads\/2024\/02\/FM-Services-1024x758.jpg\" alt=\"\" class=\"uag-image-1269\" width=\"600\" height=\"395\" title=\"\" loading=\"lazy\"\/><\/figure><\/div>\n\n\n\n<div class=\"wp-block-uagb-info-box uagb-block-z1hhdchw uagb-infobox__content-wrap  uagb-infobox-icon-above-title uagb-infobox-image-valign-top\"><div class=\"uagb-ifb-content\"><div class=\"uagb-ifb-title-wrap\"><h5 class=\"uagb-ifb-title\">Gestion des installations<\/h5><\/div><\/div><\/div>\n<\/div>\n<\/div>\n<\/div>\n<\/div><\/div>\n\n\n\n<div class=\"wp-block-uagb-container uagb-block-20a41ee1 alignfull uagb-is-root-container\"><div class=\"uagb-container-inner-blocks-wrap\">\n<div class=\"wp-block-uagb-container uagb-block-2ff1d7fe\">\n<div class=\"wp-block-uagb-image alignleft uagb-block-3914175c wp-block-uagb-image--layout-default wp-block-uagb-image--effect-static wp-block-uagb-image--align-left\"><figure class=\"wp-block-uagb-image__figure\"><img decoding=\"async\" sizes=\"auto, (max-width: 480px) 150px\" src=\"https:\/\/ambitiousventures.eu\/wp-content\/uploads\/2024\/02\/pexels-photo-8297854-scaled-1.jpeg\" alt=\"\" class=\"uag-image-1208\" width=\"600\" height=\"500\" title=\"\" loading=\"lazy\"\/><\/figure><\/div>\n<\/div>\n\n\n\n<div class=\"wp-block-uagb-container uagb-block-655a6293\">\n<div class=\"wp-block-uagb-advanced-heading uagb-block-9c99fc57\"><h6 class=\"uagb-heading-text\">Notre promesse<\/h6><\/div>\n\n\n\n<div class=\"wp-block-uagb-advanced-heading uagb-block-011e80d1\"><h2 class=\"uagb-heading-text\">Pourquoi Ambitious Ventures?<\/h2><p class=\"uagb-desc-text\">D\u00e9couvrez ce qui distingue Ambitious Ventures et fait de nous votre partenaire id\u00e9al pour le succ\u00e8s de votre entreprise.<\/p><\/div>\n\n\n\n<div class=\"wp-block-uagb-icon-list uagb-block-85841d5b\"><div class=\"uagb-icon-list__wrap\">\n<div class=\"wp-block-uagb-icon-list-child uagb-block-50444aed\"><span class=\"uagb-icon-list__source-wrap\"><svg xmlns=\"https:\/\/www.w3.org\/2000\/svg\" viewbox=\"0 0 512 512\"><path d=\"M0 256C0 114.6 114.6 0 256 0C397.4 0 512 114.6 512 256C512 397.4 397.4 512 256 512C114.6 512 0 397.4 0 256zM371.8 211.8C382.7 200.9 382.7 183.1 371.8 172.2C360.9 161.3 343.1 161.3 332.2 172.2L224 280.4L179.8 236.2C168.9 225.3 151.1 225.3 140.2 236.2C129.3 247.1 129.3 264.9 140.2 275.8L204.2 339.8C215.1 350.7 232.9 350.7 243.8 339.8L371.8 211.8z\"><\/path><\/svg><\/span><span class=\"uagb-icon-list__label\">Solutions strat\u00e9giques<\/span><\/div>\n\n\n\n<div class=\"wp-block-uagb-icon-list-child uagb-block-117573da\"><span class=\"uagb-icon-list__source-wrap\"><svg xmlns=\"https:\/\/www.w3.org\/2000\/svg\" viewbox=\"0 0 512 512\"><path d=\"M0 256C0 114.6 114.6 0 256 0C397.4 0 512 114.6 512 256C512 397.4 397.4 512 256 512C114.6 512 0 397.4 0 256zM371.8 211.8C382.7 200.9 382.7 183.1 371.8 172.2C360.9 161.3 343.1 161.3 332.2 172.2L224 280.4L179.8 236.2C168.9 225.3 151.1 225.3 140.2 236.2C129.3 247.1 129.3 264.9 140.2 275.8L204.2 339.8C215.1 350.7 232.9 350.7 243.8 339.8L371.8 211.8z\"><\/path><\/svg><\/span><span class=\"uagb-icon-list__label\">Aper\u00e7u de l'industrie<\/span><\/div>\n\n\n\n<div class=\"wp-block-uagb-icon-list-child uagb-block-d1d479ba\"><span class=\"uagb-icon-list__source-wrap\"><svg xmlns=\"https:\/\/www.w3.org\/2000\/svg\" viewbox=\"0 0 512 512\"><path d=\"M0 256C0 114.6 114.6 0 256 0C397.4 0 512 114.6 512 256C512 397.4 397.4 512 256 512C114.6 512 0 397.4 0 256zM371.8 211.8C382.7 200.9 382.7 183.1 371.8 172.2C360.9 161.3 343.1 161.3 332.2 172.2L224 280.4L179.8 236.2C168.9 225.3 151.1 225.3 140.2 236.2C129.3 247.1 129.3 264.9 140.2 275.8L204.2 339.8C215.1 350.7 232.9 350.7 243.8 339.8L371.8 211.8z\"><\/path><\/svg><\/span><span class=\"uagb-icon-list__label\">Excellence dans l'ex\u00e9cution<\/span><\/div>\n<\/div><\/div>\n<\/div>\n<\/div><\/div>\n\n\n\n<div class=\"wp-block-uagb-container uagb-block-43f78ea6 alignfull uagb-is-root-container\"><div class=\"uagb-container-inner-blocks-wrap\">\n<div class=\"wp-block-uagb-info-box uagb-block-52cbc377 uagb-infobox__content-wrap  uagb-infobox-icon-above-title uagb-infobox-image-valign-top\"><div class=\"uagb-ifb-content\"><div class=\"uagb-ifb-title-wrap\"><h2 class=\"uagb-ifb-title\">Rejoignez-nous aujourd'hui<\/h2><\/div><p class=\"uagb-ifb-desc\">D\u00e9couvrez nos services et commencez votre voyage vers une efficacit\u00e9 accrue et une croissance remarquable avec Ambitious Ventures.<\/p><div class=\"uagb-ifb-button-wrapper wp-block-button\"><a href=\"https:\/\/ambitiousventures.eu\/fr\/contact-us\/\" class=\"uagb-infobox-cta-link wp-block-button__link\" target=\"_self\" rel=\"noopener noreferrer\" onclick=\"return true;\" alt=\"\"><span class=\"uagb-inline-editing\">Explorez Maintenant<\/span><\/a><\/div><\/div><\/div>\n<\/div><\/div>","protected":false},"excerpt":{"rendered":"<p>Fostering growth, building success Our unique offers Why choose us? 01. Tailor-made solutions We understand that every business is unique, and we tailor our solutions to your specific needs. 02. Innovative approach We keep abreast of the latest industry trends and technologies to deliver innovative solutions that deliver results. 03. Outstanding service We are committed [&hellip;]<\/p>\n","protected":false},"author":1,"featured_media":0,"parent":0,"menu_order":0,"comment_status":"closed","ping_status":"closed","template":"","meta":{"_surecart_dashboard_logo_width":"180px","_surecart_dashboard_show_logo":true,"_surecart_dashboard_navigation_orders":true,"_surecart_dashboard_navigation_invoices":true,"_surecart_dashboard_navigation_subscriptions":true,"_surecart_dashboard_navigation_downloads":true,"_surecart_dashboard_navigation_billing":true,"_surecart_dashboard_navigation_account":true,"_uag_custom_page_level_css":"","site-sidebar-layout":"no-sidebar","site-content-layout":"plain-container","ast-site-content-layout":"normal-width-container","site-content-style":"unboxed","site-sidebar-style":"unboxed","ast-global-header-display":"","ast-banner-title-visibility":"","ast-main-header-display":"","ast-hfb-above-header-display":"","ast-hfb-below-header-display":"","ast-hfb-mobile-header-display":"","site-post-title":"disabled","ast-breadcrumbs-content":"","ast-featured-img":"","footer-sml-layout":"","theme-transparent-header-meta":"","adv-header-id-meta":"","stick-header-meta":"","header-above-stick-meta":"","header-main-stick-meta":"","header-below-stick-meta":"","astra-migrate-meta-layouts":"set","ast-page-background-enabled":"default","ast-page-background-meta":{"desktop":{"background-color":"var(--ast-global-color-4)","background-image":"","background-repeat":"repeat","background-position":"center center","background-size":"auto","background-attachment":"scroll","background-type":"","background-media":"","overlay-type":"","overlay-color":"","overlay-gradient":""},"tablet":{"background-color":"","background-image":"","background-repeat":"repeat","background-position":"center center","background-size":"auto","background-attachment":"scroll","background-type":"","background-media":"","overlay-type":"","overlay-color":"","overlay-gradient":""},"mobile":{"background-color":"","background-image":"","background-repeat":"repeat","background-position":"center center","background-size":"auto","background-attachment":"scroll","background-type":"","background-media":"","overlay-type":"","overlay-color":"","overlay-gradient":""}},"ast-content-background-meta":{"desktop":{"background-color":"var(--ast-global-color-5)","background-image":"","background-repeat":"repeat","background-position":"center center","background-size":"auto","background-attachment":"scroll","background-type":"","background-media":"","overlay-type":"","overlay-color":"","overlay-gradient":""},"tablet":{"background-color":"var(--ast-global-color-5)","background-image":"","background-repeat":"repeat","background-position":"center center","background-size":"auto","background-attachment":"scroll","background-type":"","background-media":"","overlay-type":"","overlay-color":"","overlay-gradient":""},"mobile":{"background-color":"var(--ast-global-color-5)","background-image":"","background-repeat":"repeat","background-position":"center center","background-size":"auto","background-attachment":"scroll","background-type":"","background-media":"","overlay-type":"","overlay-color":"","overlay-gradient":""}},"footnotes":""},"class_list":["post-37","page","type-page","status-publish","hentry"],"uagb_featured_image_src":{"full":false,"thumbnail":false,"medium":false,"medium_large":false,"large":false,"1536x1536":false,"2048x2048":false,"trp-custom-language-flag":false},"uagb_author_info":{"display_name":"purvish.shukla","author_link":"https:\/\/ambitiousventures.eu\/fr\/author\/purvish-shukla\/"},"uagb_comment_info":0,"uagb_excerpt":"Fostering growth, building success Our unique offers Why choose us? 01. Tailor-made solutions We understand that every business is unique, and we tailor our solutions to your specific needs. 02. Innovative approach We keep abreast of the latest industry trends and technologies to deliver innovative solutions that deliver results. 03. Outstanding service We are committed&hellip;","_links":{"self":[{"href":"https:\/\/ambitiousventures.eu\/fr\/wp-json\/wp\/v2\/pages\/37","targetHints":{"allow":["GET"]}}],"collection":[{"href":"https:\/\/ambitiousventures.eu\/fr\/wp-json\/wp\/v2\/pages"}],"about":[{"href":"https:\/\/ambitiousventures.eu\/fr\/wp-json\/wp\/v2\/types\/page"}],"author":[{"embeddable":true,"href":"https:\/\/ambitiousventures.eu\/fr\/wp-json\/wp\/v2\/users\/1"}],"replies":[{"embeddable":true,"href":"https:\/\/ambitiousventures.eu\/fr\/wp-json\/wp\/v2\/comments?post=37"}],"version-history":[{"count":9,"href":"https:\/\/ambitiousventures.eu\/fr\/wp-json\/wp\/v2\/pages\/37\/revisions"}],"predecessor-version":[{"id":1333,"href":"https:\/\/ambitiousventures.eu\/fr\/wp-json\/wp\/v2\/pages\/37\/revisions\/1333"}],"wp:attachment":[{"href":"https:\/\/ambitiousventures.eu\/fr\/wp-json\/wp\/v2\/media?parent=37"}],"curies":[{"name":"wp","href":"https:\/\/api.w.org\/{rel}","templated":true}]}}