{"id":38,"date":"2023-08-10T13:15:57","date_gmt":"2023-08-10T13:15:57","guid":{"rendered":"https:\/\/ambitiousventures.eu\/about-us\/"},"modified":"2025-10-08T15:24:04","modified_gmt":"2025-10-08T15:24:04","slug":"about-us","status":"publish","type":"page","link":"https:\/\/ambitiousventures.eu\/fr\/about-us\/","title":{"rendered":"\u00c0 propos de nous"},"content":{"rendered":"<div class=\"wp-block-uagb-container uagb-block-b9cc7a1c alignfull uagb-is-root-container\"><div class=\"uagb-container-inner-blocks-wrap\">\n<div class=\"wp-block-uagb-advanced-heading uagb-block-0ae51710\"><h1 class=\"uagb-heading-text\">\u00c0 propos de nous<\/h1><\/div>\n<\/div><\/div>\n\n\n\n<div class=\"wp-block-uagb-container uagb-block-93f6d895 alignfull uagb-is-root-container\"><div class=\"uagb-container-inner-blocks-wrap\">\n<div class=\"wp-block-uagb-container uagb-block-7ba29713\">\n<div class=\"wp-block-uagb-advanced-heading uagb-block-936c1b43\"><h2 class=\"uagb-heading-text\">\u00c0 propos d\u2019Ambitiious Ventures<\/h2><p class=\"uagb-desc-text\">La soci\u00e9t\u00e9, Ambitious Ventures, vise \u00e0 fournir des services complets de gestion h\u00f4teli\u00e8re, de vente au d\u00e9tail, d'ing\u00e9nierie et de gestion des installations. Nos services comprennent une cuisine raffin\u00e9e, des s\u00e9jours \u00e0 l'h\u00f4tel, des ing\u00e9nieurs r\u00e9sidents, des agents de tri, un support commercial local, des activit\u00e9s de R&amp;D, d'autres assistances techniques sp\u00e9cialis\u00e9es et la gestion des installations. En tirant parti de notre expertise, nous visons \u00e0 am\u00e9liorer l\u2019efficacit\u00e9 op\u00e9rationnelle et \u00e0 permettre \u00e0 nos clients de se concentrer sur leurs activit\u00e9s principales.<\/p><\/div>\n<\/div>\n\n\n\n<div class=\"wp-block-uagb-container uagb-block-928817e5\">\n<div class=\"wp-block-uagb-image alignleft uagb-block-5b36d86d wp-block-uagb-image--layout-default wp-block-uagb-image--effect-static wp-block-uagb-image--align-left\"><figure class=\"wp-block-uagb-image__figure\"><img decoding=\"async\" srcset=\"https:\/\/ambitiousventures.eu\/wp-content\/uploads\/2024\/02\/AMBITIOUS-VENTURES-Logo-Original-5000x5000-1-1024x1024.png ,https:\/\/ambitiousventures.eu\/wp-content\/uploads\/2024\/02\/AMBITIOUS-VENTURES-Logo-Original-5000x5000-1.png 780w, https:\/\/ambitiousventures.eu\/wp-content\/uploads\/2024\/02\/AMBITIOUS-VENTURES-Logo-Original-5000x5000-1.png 360w\" sizes=\"auto, (max-width: 480px) 150px\" src=\"https:\/\/ambitiousventures.eu\/wp-content\/uploads\/2024\/02\/AMBITIOUS-VENTURES-Logo-Original-5000x5000-1-1024x1024.png\" alt=\"\" class=\"uag-image-25\" width=\"600\" height=\"450\" title=\"\" loading=\"lazy\"\/><\/figure><\/div>\n<\/div>\n<\/div><\/div>\n\n\n\n<div class=\"wp-block-uagb-container uagb-block-0f99c3d5 alignfull uagb-is-root-container\"><div class=\"uagb-container-inner-blocks-wrap\">\n<div class=\"wp-block-uagb-advanced-heading uagb-block-d80d1198\"><h6 class=\"uagb-heading-text\">Notre promesse<\/h6><\/div>\n\n\n\n<div class=\"wp-block-uagb-advanced-heading uagb-block-6bcebb04\"><h2 class=\"uagb-heading-text\">Pourquois Nous?<\/h2><\/div>\n\n\n\n<div class=\"wp-block-uagb-container uagb-block-493f6ce1\">\n<div class=\"wp-block-uagb-container uagb-block-c0da353d\">\n<div class=\"wp-block-uagb-advanced-heading uagb-block-94acea8d\"><h6 class=\"uagb-heading-text\">01.<\/h6><\/div>\n\n\n\n<div class=\"wp-block-uagb-advanced-heading uagb-block-cdc0f1b9\"><h4 class=\"uagb-heading-text\">Solutions Personnalis\u00e9es<\/h4><p class=\"uagb-desc-text\">Des solutions sur mesure pour vos besoins commerciaux uniques<\/p><\/div>\n<\/div>\n\n\n\n<div class=\"wp-block-uagb-container uagb-block-a44f5268\">\n<div class=\"wp-block-uagb-advanced-heading uagb-block-3acd47ef\"><h6 class=\"uagb-heading-text\">02.<\/h6><\/div>\n\n\n\n<div class=\"wp-block-uagb-advanced-heading uagb-block-fd65736d\"><h4 class=\"uagb-heading-text\">Innovation<\/h4><p class=\"uagb-desc-text\">Nouveau tendances et technologies de l'industrie pour fournir des solutions innovantes<\/p><\/div>\n<\/div>\n\n\n\n<div class=\"wp-block-uagb-container uagb-block-b3c03ce4\">\n<div class=\"wp-block-uagb-advanced-heading uagb-block-c5d4336e\"><h6 class=\"uagb-heading-text\">03.<\/h6><\/div>\n\n\n\n<div class=\"wp-block-uagb-advanced-heading uagb-block-3d3e70a3\"><h4 class=\"uagb-heading-text\">Service exceptionnel<\/h4><p class=\"uagb-desc-text\">Engag\u00e9 \u00e0 offrir l\u2019excellence dans tout ce que nous faisons<\/p><\/div>\n<\/div>\n<\/div>\n\n\n\n<div class=\"wp-block-uagb-container uagb-block-9c9763db\">\n<div class=\"wp-block-uagb-container uagb-block-4bf15b11\">\n<div class=\"wp-block-uagb-advanced-heading uagb-block-51292e0b\"><h6 class=\"uagb-heading-text\">04.<\/h6><\/div>\n\n\n\n<div class=\"wp-block-uagb-advanced-heading uagb-block-f16d3ab0\"><h4 class=\"uagb-heading-text\">Solutions strat\u00e9giques<\/h4><p class=\"uagb-desc-text\">Des solutions sur mesure pour vos besoins commerciaux uniques<\/p><\/div>\n<\/div>\n\n\n\n<div class=\"wp-block-uagb-container uagb-block-f4753b8e\">\n<div class=\"wp-block-uagb-advanced-heading uagb-block-859bd851\"><h6 class=\"uagb-heading-text\">05.<\/h6><\/div>\n\n\n\n<div class=\"wp-block-uagb-advanced-heading uagb-block-935860a9\"><h4 class=\"uagb-heading-text\">Aper\u00e7u de l'industrie<\/h4><p class=\"uagb-desc-text\">Expertise dans l\u2019am\u00e9lioration de l\u2019efficacit\u00e9 op\u00e9rationnelle<\/p><\/div>\n<\/div>\n\n\n\n<div class=\"wp-block-uagb-container uagb-block-3cc24c9b\">\n<div class=\"wp-block-uagb-advanced-heading uagb-block-385a687d\"><h6 class=\"uagb-heading-text\">06.<\/h6><\/div>\n\n\n\n<div class=\"wp-block-uagb-advanced-heading uagb-block-ec8d4aa5\"><h4 class=\"uagb-heading-text\">Excellence dans l'ex\u00e9cution<\/h4><p class=\"uagb-desc-text\">Un support d\u00e9di\u00e9 pour vous aider \u00e0 vous concentrer sur vos activit\u00e9s principales<\/p><\/div>\n<\/div>\n<\/div>\n<\/div><\/div>\n\n\n\n<div class=\"wp-block-uagb-container uagb-block-snnzmkvp alignfull uagb-is-root-container\"><div class=\"uagb-container-inner-blocks-wrap\">\n<div class=\"wp-block-uagb-container uagb-block-pjdjjpo6\">\n<div class=\"wp-block-uagb-container uagb-block-2ou9laos\">\n<div class=\"wp-block-uagb-container uagb-block-r8bpkrt8\">\n<div class=\"wp-block-uagb-info-box uagb-block-awgl8w1y uagb-infobox__content-wrap  uagb-infobox-icon-above-title uagb-infobox-image-valign-top\"><div class=\"uagb-ifb-content\"><div class=\"uagb-ifb-title-wrap\"><h5 class=\"uagb-ifb-title\">A. Dave<\/h5><\/div><p class=\"uagb-ifb-desc\">PDG<\/p><\/div><\/div>\n\n\n\n<div class=\"wp-block-uagb-info-box uagb-block-r6mxd3gz uagb-infobox__content-wrap  uagb-infobox-icon-above-title uagb-infobox-image-valign-top\"><div class=\"uagb-ifb-content\"><div class=\"uagb-ifb-title-wrap\"><\/div><p class=\"uagb-ifb-desc\">Exp\u00e9rience diversifi\u00e9e dans le domaine de l'\u00e9ducation et exploration de nouvelles entreprises et opportunit\u00e9s commerciales<\/p><\/div><\/div>\n<\/div>\n<\/div>\n<\/div>\n<\/div><\/div>\n\n\n\n<div class=\"wp-block-uagb-container uagb-block-43f78ea6 alignfull uagb-is-root-container\"><div class=\"uagb-container-inner-blocks-wrap\">\n<div class=\"wp-block-uagb-info-box uagb-block-52cbc377 uagb-infobox__content-wrap  uagb-infobox-icon-above-title uagb-infobox-image-valign-top\"><div class=\"uagb-ifb-content\"><div class=\"uagb-ifb-title-wrap\"><h2 class=\"uagb-ifb-title\">Rejoignez-nous aujourd'hui<\/h2><\/div><p class=\"uagb-ifb-desc\">D\u00e9couvrez nos services et commencez votre voyage vers une efficacit\u00e9 accrue et une croissance remarquable avec Ambitious Ventures.<\/p><div class=\"uagb-ifb-button-wrapper wp-block-button\"><a href=\"https:\/\/ambitiousventures.eu\/fr\/contact-us\/\" class=\"uagb-infobox-cta-link wp-block-button__link\" target=\"_self\" rel=\"noopener noreferrer\" onclick=\"return true;\" alt=\"\"><span class=\"uagb-inline-editing\">Explorez Maintenant<\/span><\/a><\/div><\/div><\/div>\n<\/div><\/div>","protected":false},"excerpt":{"rendered":"<p>About us About Ambitious Ventures The company, Ambitious Ventures, aims to provide comprehensive hospitality management, Retail, engineering services &amp; facility management services. Our services include fine dining, hotel stays, resident engineers, sorting workers, local sales support, R&amp;D activities, other specialized technical assistance &amp; facility management. By leveraging our expertise, we aim to enhance operational efficiency [&hellip;]<\/p>\n","protected":false},"author":1,"featured_media":0,"parent":0,"menu_order":0,"comment_status":"closed","ping_status":"closed","template":"","meta":{"_surecart_dashboard_logo_width":"180px","_surecart_dashboard_show_logo":true,"_surecart_dashboard_navigation_orders":true,"_surecart_dashboard_navigation_invoices":true,"_surecart_dashboard_navigation_subscriptions":true,"_surecart_dashboard_navigation_downloads":true,"_surecart_dashboard_navigation_billing":true,"_surecart_dashboard_navigation_account":true,"_uag_custom_page_level_css":"","site-sidebar-layout":"default","site-content-layout":"","ast-site-content-layout":"default","site-content-style":"default","site-sidebar-style":"default","ast-global-header-display":"","ast-banner-title-visibility":"","ast-main-header-display":"","ast-hfb-above-header-display":"","ast-hfb-below-header-display":"","ast-hfb-mobile-header-display":"","site-post-title":"disabled","ast-breadcrumbs-content":"","ast-featured-img":"","footer-sml-layout":"","theme-transparent-header-meta":"","adv-header-id-meta":"","stick-header-meta":"","header-above-stick-meta":"","header-main-stick-meta":"","header-below-stick-meta":"","astra-migrate-meta-layouts":"set","ast-page-background-enabled":"default","ast-page-background-meta":{"desktop":{"background-color":"var(--ast-global-color-4)","background-image":"","background-repeat":"repeat","background-position":"center center","background-size":"auto","background-attachment":"scroll","background-type":"","background-media":"","overlay-type":"","overlay-color":"","overlay-gradient":""},"tablet":{"background-color":"","background-image":"","background-repeat":"repeat","background-position":"center center","background-size":"auto","background-attachment":"scroll","background-type":"","background-media":"","overlay-type":"","overlay-color":"","overlay-gradient":""},"mobile":{"background-color":"","background-image":"","background-repeat":"repeat","background-position":"center center","background-size":"auto","background-attachment":"scroll","background-type":"","background-media":"","overlay-type":"","overlay-color":"","overlay-gradient":""}},"ast-content-background-meta":{"desktop":{"background-color":"var(--ast-global-color-5)","background-image":"","background-repeat":"repeat","background-position":"center center","background-size":"auto","background-attachment":"scroll","background-type":"","background-media":"","overlay-type":"","overlay-color":"","overlay-gradient":""},"tablet":{"background-color":"var(--ast-global-color-5)","background-image":"","background-repeat":"repeat","background-position":"center center","background-size":"auto","background-attachment":"scroll","background-type":"","background-media":"","overlay-type":"","overlay-color":"","overlay-gradient":""},"mobile":{"background-color":"var(--ast-global-color-5)","background-image":"","background-repeat":"repeat","background-position":"center center","background-size":"auto","background-attachment":"scroll","background-type":"","background-media":"","overlay-type":"","overlay-color":"","overlay-gradient":""}},"footnotes":""},"class_list":["post-38","page","type-page","status-publish","hentry"],"uagb_featured_image_src":{"full":false,"thumbnail":false,"medium":false,"medium_large":false,"large":false,"1536x1536":false,"2048x2048":false,"trp-custom-language-flag":false},"uagb_author_info":{"display_name":"purvish.shukla","author_link":"https:\/\/ambitiousventures.eu\/fr\/author\/purvish-shukla\/"},"uagb_comment_info":0,"uagb_excerpt":"About us About Ambitious Ventures The company, Ambitious Ventures, aims to provide comprehensive hospitality management, Retail, engineering services &amp; facility management services. Our services include fine dining, hotel stays, resident engineers, sorting workers, local sales support, R&amp;D activities, other specialized technical assistance &amp; facility management. By leveraging our expertise, we aim to enhance operational efficiency&hellip;","_links":{"self":[{"href":"https:\/\/ambitiousventures.eu\/fr\/wp-json\/wp\/v2\/pages\/38","targetHints":{"allow":["GET"]}}],"collection":[{"href":"https:\/\/ambitiousventures.eu\/fr\/wp-json\/wp\/v2\/pages"}],"about":[{"href":"https:\/\/ambitiousventures.eu\/fr\/wp-json\/wp\/v2\/types\/page"}],"author":[{"embeddable":true,"href":"https:\/\/ambitiousventures.eu\/fr\/wp-json\/wp\/v2\/users\/1"}],"replies":[{"embeddable":true,"href":"https:\/\/ambitiousventures.eu\/fr\/wp-json\/wp\/v2\/comments?post=38"}],"version-history":[{"count":9,"href":"https:\/\/ambitiousventures.eu\/fr\/wp-json\/wp\/v2\/pages\/38\/revisions"}],"predecessor-version":[{"id":1347,"href":"https:\/\/ambitiousventures.eu\/fr\/wp-json\/wp\/v2\/pages\/38\/revisions\/1347"}],"wp:attachment":[{"href":"https:\/\/ambitiousventures.eu\/fr\/wp-json\/wp\/v2\/media?parent=38"}],"curies":[{"name":"wp","href":"https:\/\/api.w.org\/{rel}","templated":true}]}}