{"id":39,"date":"2023-08-10T13:16:06","date_gmt":"2023-08-10T13:16:06","guid":{"rendered":"https:\/\/ambitiousventures.eu\/offerings\/"},"modified":"2025-10-08T15:53:31","modified_gmt":"2025-10-08T15:53:31","slug":"our-services","status":"publish","type":"page","link":"https:\/\/ambitiousventures.eu\/fr\/our-services\/","title":{"rendered":"Nos Services"},"content":{"rendered":"<div class=\"wp-block-uagb-container uagb-block-2a911720 alignfull uagb-is-root-container\"><div class=\"uagb-container-inner-blocks-wrap\">\n<div class=\"wp-block-uagb-advanced-heading uagb-block-37007e46\"><h1 class=\"uagb-heading-text\">Nos Services<\/h1><\/div>\n<\/div><\/div>\n\n\n\n<div class=\"wp-block-uagb-container uagb-block-6b0a45b6 alignfull uagb-is-root-container\"><div class=\"uagb-container-inner-blocks-wrap\">\n<div class=\"wp-block-uagb-container uagb-block-83bd379f\">\n<div class=\"wp-block-uagb-container uagb-block-ca3dbb79\">\n<div class=\"wp-block-uagb-advanced-heading uagb-block-697ae2a8\"><h6 class=\"uagb-heading-text\">01.<\/h6><\/div>\n\n\n\n<div class=\"wp-block-uagb-advanced-heading uagb-block-fc3ef514\"><h4 class=\"uagb-heading-text\">Gestion de l'hospitalit\u00e9<\/h4><p class=\"uagb-desc-text\">De l'h\u00f4tellerie \u00e0 la restauration, nous acqu\u00e9rons et g\u00e9rons des \u00e9tablissements en partenariat ou sur mesure.<\/p><\/div>\n\n\n\n<p>Nous aidons notre partenaire ou notre propre \u00e9tablissement \u00e0 optimiser ses op\u00e9rations, \u00e0 augmenter sa rentabilit\u00e9 et \u00e0 offrir des exp\u00e9riences clients exceptionnelles.&nbsp;<\/p>\n<\/div>\n\n\n\n<div class=\"wp-block-uagb-container uagb-block-d9e35cf5\">\n<div class=\"wp-block-uagb-image alignright uagb-block-32ab58fe wp-block-uagb-image--layout-default wp-block-uagb-image--effect-static wp-block-uagb-image--align-right\"><figure class=\"wp-block-uagb-image__figure\"><img decoding=\"async\" srcset=\"https:\/\/ambitiousventures.eu\/wp-content\/uploads\/2024\/02\/Royal-Oasis-Logo-Original-5000x5000-1-1-1024x1024.png ,https:\/\/ambitiousventures.eu\/wp-content\/uploads\/2024\/02\/Royal-Oasis-Logo-Original-5000x5000-1-1.png 780w, https:\/\/ambitiousventures.eu\/wp-content\/uploads\/2024\/02\/Royal-Oasis-Logo-Original-5000x5000-1-1.png 360w\" sizes=\"auto, (max-width: 480px) 150px\" src=\"https:\/\/ambitiousventures.eu\/wp-content\/uploads\/2024\/02\/Royal-Oasis-Logo-Original-5000x5000-1-1-1024x1024.png\" alt=\"\" class=\"uag-image-1252\" width=\"600\" height=\"460\" title=\"\" loading=\"lazy\" role=\"img\"\/><\/figure><\/div>\n<\/div>\n<\/div>\n\n\n\n<div class=\"wp-block-uagb-container uagb-block-5b0063ce\">\n<div class=\"wp-block-uagb-container uagb-block-43995856\">\n<div class=\"wp-block-uagb-advanced-heading uagb-block-492ef7cf\"><h6 class=\"uagb-heading-text\">02.<\/h6><\/div>\n\n\n\n<div class=\"wp-block-uagb-advanced-heading uagb-block-f1809e1e\"><h4 class=\"uagb-heading-text\">Services de Vente au D\u00e9tail<\/h4><p class=\"uagb-desc-text\">Notre objectif est de raviver la m\u00e9moire de notre v\u00e9ritable nature divine ; raviver notre capacit\u00e9 intrins\u00e8que \u00e0 nous gu\u00e9rir et \u00e0 b\u00e9n\u00e9ficier des bienfaits des aliments et des produits cosm\u00e9tiques biologiques.<\/p><\/div>\n\n\n\n<p>En vous associant \u00e0 Ambitious Ventures, vous pouvez acqu\u00e9rir un avantage concurrentiel sur le march\u00e9 de d\u00e9tail et r\u00e9aliser une croissance durable.<\/p>\n<\/div>\n\n\n\n<div class=\"wp-block-uagb-container uagb-block-2ec0343e\">\n<div class=\"wp-block-uagb-image uagb-block-fcfcefd9 wp-block-uagb-image--layout-default wp-block-uagb-image--effect-static wp-block-uagb-image--align-none\"><figure class=\"wp-block-uagb-image__figure\"><img decoding=\"async\" srcset=\"https:\/\/ambitiousventures.eu\/wp-content\/uploads\/2024\/02\/Herb-Bloom-Logo-Original-5000x5000-1-1024x1024.png ,https:\/\/ambitiousventures.eu\/wp-content\/uploads\/2024\/02\/Herb-Bloom-Logo-Original-5000x5000-1.png 780w, https:\/\/ambitiousventures.eu\/wp-content\/uploads\/2024\/02\/Herb-Bloom-Logo-Original-5000x5000-1.png 360w\" sizes=\"auto, (max-width: 480px) 150px\" src=\"https:\/\/ambitiousventures.eu\/wp-content\/uploads\/2024\/02\/Herb-Bloom-Logo-Original-5000x5000-1-1024x1024.png\" alt=\"\" class=\"uag-image-1253\" width=\"600\" height=\"460\" title=\"\" loading=\"lazy\" role=\"img\"\/><\/figure><\/div>\n<\/div>\n<\/div>\n\n\n\n<div class=\"wp-block-uagb-container uagb-block-3c040477\">\n<div class=\"wp-block-uagb-container uagb-block-259609bb\">\n<div class=\"wp-block-uagb-advanced-heading uagb-block-c23b2272\"><h6 class=\"uagb-heading-text\">03.<\/h6><\/div>\n\n\n\n<div class=\"wp-block-uagb-advanced-heading uagb-block-e510641f\"><h4 class=\"uagb-heading-text\">Engineering Services &amp; Sales Support<\/h4><p class=\"uagb-desc-text\">Nous fournirons une assistance et des services en Europe \u00e0 nos principaux clients asiatiques en Europe et inversement pour les clients europ\u00e9ens en Asie pour les ing\u00e9nieurs r\u00e9sidents, les ing\u00e9nieurs de contr\u00f4le qualit\u00e9, l'assistance commerciale locale, le travail technique, l'assistance sur site, etc.<\/p><\/div>\n\n\n\n<p>Nous aidons les entreprises \u00e0 r\u00e9duire leur empreinte environnementale et \u00e0 am\u00e9liorer leurs performances op\u00e9rationnelles.&nbsp;<\/p>\n<\/div>\n\n\n\n<div class=\"wp-block-uagb-container uagb-block-b5e41d10\">\n<div class=\"wp-block-uagb-image uagb-block-4e452ce2 wp-block-uagb-image--layout-default wp-block-uagb-image--effect-static wp-block-uagb-image--align-none\"><figure class=\"wp-block-uagb-image__figure\"><img decoding=\"async\" srcset=\"https:\/\/ambitiousventures.eu\/wp-content\/uploads\/2024\/02\/INFINITY-ENGINEERING-SOLUTIONS-Logo-Original-5000x5000-1-1024x1024.png ,https:\/\/ambitiousventures.eu\/wp-content\/uploads\/2024\/02\/INFINITY-ENGINEERING-SOLUTIONS-Logo-Original-5000x5000-1.png 780w, https:\/\/ambitiousventures.eu\/wp-content\/uploads\/2024\/02\/INFINITY-ENGINEERING-SOLUTIONS-Logo-Original-5000x5000-1.png 360w\" sizes=\"auto, (max-width: 480px) 150px\" src=\"https:\/\/ambitiousventures.eu\/wp-content\/uploads\/2024\/02\/INFINITY-ENGINEERING-SOLUTIONS-Logo-Original-5000x5000-1-1024x1024.png\" alt=\"\" class=\"uag-image-1254\" width=\"600\" height=\"460\" title=\"\" loading=\"lazy\" role=\"img\"\/><\/figure><\/div>\n<\/div>\n<\/div>\n\n\n\n<div class=\"wp-block-uagb-container uagb-block-299c1865\">\n<div class=\"wp-block-uagb-container uagb-block-a7bc48a0\">\n<div class=\"wp-block-uagb-advanced-heading uagb-block-34dcf5b3\"><h6 class=\"uagb-heading-text\">04.<\/h6><\/div>\n\n\n\n<div class=\"wp-block-uagb-advanced-heading uagb-block-76b92146\"><h4 class=\"uagb-heading-text\">Gestion des installations<\/h4><p class=\"uagb-desc-text\">Nous sommes sp\u00e9cialis\u00e9s dans la fourniture de solutions compl\u00e8tes de gestion des installations adapt\u00e9es pour r\u00e9pondre aux besoins uniques de nos clients. Forts de plusieurs ann\u00e9es d\u2019exp\u00e9rience et d\u2019une \u00e9quipe de professionnels d\u00e9vou\u00e9s, nous nous engageons \u00e0 fournir des services de premier ordre qui garantissent le bon fonctionnement de vos installations.<\/p><\/div>\n\n\n\n<p>Nous proposons des contrats sur mesure pour les besoins sp\u00e9cifiques de l'entreprise dans diff\u00e9rents secteurs comme les bureaux, les h\u00f4pitaux.<\/p>\n<\/div>\n\n\n\n<div class=\"wp-block-uagb-container uagb-block-71905948\">\n<div class=\"wp-block-uagb-image uagb-block-f4013f1e wp-block-uagb-image--layout-default wp-block-uagb-image--effect-static wp-block-uagb-image--align-none\"><figure class=\"wp-block-uagb-image__figure\"><img decoding=\"async\" srcset=\"https:\/\/ambitiousventures.eu\/wp-content\/uploads\/2024\/02\/PROFOUND-FACILITY-SOLUTIONS-Logo-Original-5000x5000-1-1024x1024.png ,https:\/\/ambitiousventures.eu\/wp-content\/uploads\/2024\/02\/PROFOUND-FACILITY-SOLUTIONS-Logo-Original-5000x5000-1.png 780w, https:\/\/ambitiousventures.eu\/wp-content\/uploads\/2024\/02\/PROFOUND-FACILITY-SOLUTIONS-Logo-Original-5000x5000-1.png 360w\" sizes=\"auto, (max-width: 480px) 150px\" src=\"https:\/\/ambitiousventures.eu\/wp-content\/uploads\/2024\/02\/PROFOUND-FACILITY-SOLUTIONS-Logo-Original-5000x5000-1-1024x1024.png\" alt=\"\" class=\"uag-image-1255\" width=\"600\" height=\"460\" title=\"\" loading=\"lazy\" role=\"img\"\/><\/figure><\/div>\n<\/div>\n<\/div>\n<\/div><\/div>\n\n\n\n<div class=\"wp-block-uagb-container uagb-block-43f78ea6 alignfull uagb-is-root-container\"><div class=\"uagb-container-inner-blocks-wrap\">\n<div class=\"wp-block-uagb-info-box uagb-block-52cbc377 uagb-infobox__content-wrap  uagb-infobox-icon-above-title uagb-infobox-image-valign-top\"><div class=\"uagb-ifb-content\"><div class=\"uagb-ifb-title-wrap\"><h2 class=\"uagb-ifb-title\">Rejoignez-nous aujourd'hui<\/h2><\/div><p class=\"uagb-ifb-desc\">D\u00e9couvrez nos services et commencez votre voyage vers une efficacit\u00e9 accrue et une croissance remarquable avec Ambitious Ventures.<\/p><div class=\"uagb-ifb-button-wrapper wp-block-button\"><a href=\"https:\/\/ambitiousventures.eu\/fr\/contact-us\/\" class=\"uagb-infobox-cta-link wp-block-button__link\" target=\"_self\" rel=\"noopener noreferrer\" onclick=\"return true;\" alt=\"\"><span class=\"uagb-inline-editing\">Explorez Maintenant<\/span><\/a><\/div><\/div><\/div>\n<\/div><\/div>","protected":false},"excerpt":{"rendered":"<p>Our Services 01. Hospitality Management From hotel management to restaurant, we acquire and run establishment with partnership or custom made agreement. We help our partner or own establishment to optimize their operations, increase profitability, and deliver exceptional guest experiences.&nbsp; 02. Retail Services Our aim is to revive the memory of our true divine nature; to [&hellip;]<\/p>\n","protected":false},"author":1,"featured_media":0,"parent":0,"menu_order":0,"comment_status":"closed","ping_status":"closed","template":"","meta":{"_surecart_dashboard_logo_width":"180px","_surecart_dashboard_show_logo":true,"_surecart_dashboard_navigation_orders":true,"_surecart_dashboard_navigation_invoices":true,"_surecart_dashboard_navigation_subscriptions":true,"_surecart_dashboard_navigation_downloads":true,"_surecart_dashboard_navigation_billing":true,"_surecart_dashboard_navigation_account":true,"_uag_custom_page_level_css":"","site-sidebar-layout":"default","site-content-layout":"","ast-site-content-layout":"default","site-content-style":"default","site-sidebar-style":"default","ast-global-header-display":"","ast-banner-title-visibility":"","ast-main-header-display":"","ast-hfb-above-header-display":"","ast-hfb-below-header-display":"","ast-hfb-mobile-header-display":"","site-post-title":"disabled","ast-breadcrumbs-content":"","ast-featured-img":"","footer-sml-layout":"","theme-transparent-header-meta":"","adv-header-id-meta":"","stick-header-meta":"","header-above-stick-meta":"","header-main-stick-meta":"","header-below-stick-meta":"","astra-migrate-meta-layouts":"set","ast-page-background-enabled":"default","ast-page-background-meta":{"desktop":{"background-color":"var(--ast-global-color-4)","background-image":"","background-repeat":"repeat","background-position":"center center","background-size":"auto","background-attachment":"scroll","background-type":"","background-media":"","overlay-type":"","overlay-color":"","overlay-gradient":""},"tablet":{"background-color":"","background-image":"","background-repeat":"repeat","background-position":"center center","background-size":"auto","background-attachment":"scroll","background-type":"","background-media":"","overlay-type":"","overlay-color":"","overlay-gradient":""},"mobile":{"background-color":"","background-image":"","background-repeat":"repeat","background-position":"center center","background-size":"auto","background-attachment":"scroll","background-type":"","background-media":"","overlay-type":"","overlay-color":"","overlay-gradient":""}},"ast-content-background-meta":{"desktop":{"background-color":"var(--ast-global-color-5)","background-image":"","background-repeat":"repeat","background-position":"center center","background-size":"auto","background-attachment":"scroll","background-type":"","background-media":"","overlay-type":"","overlay-color":"","overlay-gradient":""},"tablet":{"background-color":"var(--ast-global-color-5)","background-image":"","background-repeat":"repeat","background-position":"center center","background-size":"auto","background-attachment":"scroll","background-type":"","background-media":"","overlay-type":"","overlay-color":"","overlay-gradient":""},"mobile":{"background-color":"var(--ast-global-color-5)","background-image":"","background-repeat":"repeat","background-position":"center center","background-size":"auto","background-attachment":"scroll","background-type":"","background-media":"","overlay-type":"","overlay-color":"","overlay-gradient":""}},"footnotes":""},"class_list":["post-39","page","type-page","status-publish","hentry"],"uagb_featured_image_src":{"full":false,"thumbnail":false,"medium":false,"medium_large":false,"large":false,"1536x1536":false,"2048x2048":false,"trp-custom-language-flag":false},"uagb_author_info":{"display_name":"purvish.shukla","author_link":"https:\/\/ambitiousventures.eu\/fr\/author\/purvish-shukla\/"},"uagb_comment_info":0,"uagb_excerpt":"Our Services 01. Hospitality Management From hotel management to restaurant, we acquire and run establishment with partnership or custom made agreement. We help our partner or own establishment to optimize their operations, increase profitability, and deliver exceptional guest experiences.&nbsp; 02. Retail Services Our aim is to revive the memory of our true divine nature; to&hellip;","_links":{"self":[{"href":"https:\/\/ambitiousventures.eu\/fr\/wp-json\/wp\/v2\/pages\/39","targetHints":{"allow":["GET"]}}],"collection":[{"href":"https:\/\/ambitiousventures.eu\/fr\/wp-json\/wp\/v2\/pages"}],"about":[{"href":"https:\/\/ambitiousventures.eu\/fr\/wp-json\/wp\/v2\/types\/page"}],"author":[{"embeddable":true,"href":"https:\/\/ambitiousventures.eu\/fr\/wp-json\/wp\/v2\/users\/1"}],"replies":[{"embeddable":true,"href":"https:\/\/ambitiousventures.eu\/fr\/wp-json\/wp\/v2\/comments?post=39"}],"version-history":[{"count":8,"href":"https:\/\/ambitiousventures.eu\/fr\/wp-json\/wp\/v2\/pages\/39\/revisions"}],"predecessor-version":[{"id":1362,"href":"https:\/\/ambitiousventures.eu\/fr\/wp-json\/wp\/v2\/pages\/39\/revisions\/1362"}],"wp:attachment":[{"href":"https:\/\/ambitiousventures.eu\/fr\/wp-json\/wp\/v2\/media?parent=39"}],"curies":[{"name":"wp","href":"https:\/\/api.w.org\/{rel}","templated":true}]}}